{"id":2021,"date":"2016-02-23T14:23:03","date_gmt":"2016-02-23T14:23:03","guid":{"rendered":"http:\/\/demo.themelogi.com\/roneous\/?page_id=2021"},"modified":"2022-11-08T19:20:13","modified_gmt":"2022-11-08T18:20:13","slug":"digital-technology","status":"publish","type":"page","link":"https:\/\/www.roncobox.com\/","title":{"rendered":"Home"},"content":{"rendered":"<p>[vc_row full_width=&#8220;stretch_row&#8220; tlg_background_style=&#8220;bg-secondary&#8220; tlg_padding=&#8220;pt0 pb0&#8243; css=&#8220;.vc_custom_1610897749627{background-color: #565656 !important;}&#8220;][vc_column]<section  id=\"single-69e63607ca1f1\" class=\"header-single vertical-flex m0 image-bg   parallax-off \" style=\"\"><div class=\"background-content\"><img width=\"2560\" height=\"1707\" src=\"https:\/\/www.roncobox.com\/wp-content\/uploads\/2021\/05\/Websitebild-Papa-Shutterstock-scaled.jpg\" class=\"background-image\" alt=\"\" loading=\"lazy\" srcset=\"https:\/\/www.roncobox.com\/wp-content\/uploads\/2021\/05\/Websitebild-Papa-Shutterstock-scaled.jpg 2560w, https:\/\/www.roncobox.com\/wp-content\/uploads\/2021\/05\/Websitebild-Papa-Shutterstock-300x200.jpg 300w, https:\/\/www.roncobox.com\/wp-content\/uploads\/2021\/05\/Websitebild-Papa-Shutterstock-1024x683.jpg 1024w, https:\/\/www.roncobox.com\/wp-content\/uploads\/2021\/05\/Websitebild-Papa-Shutterstock-768x512.jpg 768w, https:\/\/www.roncobox.com\/wp-content\/uploads\/2021\/05\/Websitebild-Papa-Shutterstock-1536x1024.jpg 1536w, https:\/\/www.roncobox.com\/wp-content\/uploads\/2021\/05\/Websitebild-Papa-Shutterstock-2048x1365.jpg 2048w, https:\/\/www.roncobox.com\/wp-content\/uploads\/2021\/05\/Websitebild-Papa-Shutterstock-600x400.jpg 600w\" sizes=\"(max-width: 2560px) 100vw, 2560px\" \/><div  class=\"background-overlay\"><\/div><\/div><div style=\"padding-top:100px;padding-bottom:100px;\" class=\"container vertical-flex-column item-content \"><div class=\"row\"><div class=\"standard-slide col-md-10 col-md-offset-1 col-sm-12 text-center\"><h1 class=\"heading-title-bold\">roncoFIX Tischlersoftware<\/h1><div class=\"lead\" >...weil Zeit einen Wert hat<\/div><div class=\"heading-content\"><\/div>\n                <\/div><\/div><\/div><script type=\"text\/javascript\">jQuery(document).ready(function(){jQuery('head').append('<style type=\"text\/css\" id=\"tlg-custom-css-single-69e63607ca1f1\">@font-face {font-family:\"Roboto\"; src:url(\"\/\/fonts.gstatic.com\/s\/roboto\/v15\/H1vB34nOKWXqzKotq25pcg.ttf\");}@font-face {font-family:\"Roboto\"; src:url(\"\/\/fonts.gstatic.com\/s\/roboto\/v15\/dtpHsbgPEm2lVWciJZ0P-A.ttf\");}#single-69e63607ca1f1 h1{text-shadow:none;font-size:90px;line-height:100px;letter-spacing:3px!important;text-transform: none!important;font-family:Roboto;font-weight:900;font-style:normal;}#single-69e63607ca1f1 .lead{text-shadow:none;font-size:20px;line-height:25px;text-transform: none!important;font-family:Roboto;font-weight:300;font-style:normal;}#single-69e63607ca1f1 .heading-content p{text-shadow:none;text-transform: none!important;}<\/style>');});<\/script><\/section>[\/vc_column][\/vc_row][vc_row css=&#8220;.vc_custom_1610898800500{background-color: #565656 !important;}&#8220;][vc_column width=&#8220;1\/3&#8243;]<div id=\"iconbox-69e63607ca7db\" class=\"\"><div class=\"icon-link\"><div class=\"relative mb0 text-center\">\n\t\t\t\t\t\t\t<i style=\"font-size:45px!important;color:#f7931e;\" class=\"ti-pencil-alt2   inline-block mb16 ms-text icon-lg\"><\/i>\n\t\t\t\t\t\t\t<h5 style=\"color:#020202;font-size:16px!important;line-height:26px;text-transform: uppercase!important;text-shadow:none;font-family:Roboto;font-weight:900;font-style:normal;\" class=\"widgettitle mb8\"><a href= \"?page_id=4708#1603031092169-21bb617e-8701\" target=\"_self\" >2D Planung<\/a><\/h5>\n\t\t\t\t\t\t\t<div style=\"color:#444444;text-transform: none!important;text-shadow:none;font-family:Roboto;font-weight:300;font-style:normal;\" class=\"widgetsubtitle mb16\"><\/div>\n\t\t\t\t\t\t\t<div style=\"color:#ffffff;\" class=\"icon-content\"><p>Profitieren Sie von unserem eigens f\u00fcr Tischler und Schreiner zugeschnittenem Planungmodul zur individuellen Einzelfertigung. CAD-Kenntnisse sind NICHT erforderlich!<\/p>\n<\/div> \n\t\t\t\t\t\t<\/div><\/div><\/div><script type=\"text\/javascript\">jQuery(document).ready(function(){jQuery('head').append('<style type=\"text\/css\" id=\"tlg-custom-css-iconbox-69e63607ca7db\">#iconbox-69e63607ca7db .icon-link:hover .widgettitle{color:#636363!important;}<\/style>');});<\/script><div class=\"tlg-spacer\" data-height=\"10\" data-height-tablet=\"10\" data-height-mobile=\"10\" style=\"clear:both;display:block;height:10px;\"><\/div>[\/vc_column][vc_column width=&#8220;1\/3&#8243;]<div id=\"iconbox-69e63607ca88b\" class=\"\"><div class=\"icon-link\"><div class=\"relative mb0 text-center\">\n\t\t\t\t\t\t\t<i style=\"font-size:45px!important;color:#f7931e;\" class=\"ti-package   inline-block mb16 ms-text icon-lg\"><\/i>\n\t\t\t\t\t\t\t<h5 style=\"color:#020202;font-size:16px!important;line-height:26px;text-transform: uppercase!important;text-shadow:none;font-family:Roboto;font-weight:900;font-style:normal;\" class=\"widgettitle mb8\"><a href= \"?page_id=4708#1603031761502-d50e2325-8df0\" target=\"_self\" >3D Visualisierung<\/a><\/h5>\n\t\t\t\t\t\t\t<div style=\"text-transform: none!important;\" class=\"widgetsubtitle mb16\"><\/div>\n\t\t\t\t\t\t\t<div style=\"color:#ffffff;\" class=\"icon-content\"><p>Erleben Sie Ihre Planungen in der dritten Dimension mit unserem integrierten 3D-Modul<\/p>\n<\/div> \n\t\t\t\t\t\t<\/div><\/div><\/div><script type=\"text\/javascript\">jQuery(document).ready(function(){jQuery('head').append('<style type=\"text\/css\" id=\"tlg-custom-css-iconbox-69e63607ca88b\">#iconbox-69e63607ca88b .icon-link:hover .widgettitle{color:#3a3a3a!important;}<\/style>');});<\/script><div class=\"tlg-spacer\" data-height=\"10\" data-height-tablet=\"10\" data-height-mobile=\"10\" style=\"clear:both;display:block;height:10px;\"><\/div>[\/vc_column][vc_column width=&#8220;1\/3&#8243;]<div id=\"iconbox-69e63607ca8f0\" class=\"\"><div class=\"icon-link\"><div class=\"relative mb0 text-center\">\n\t\t\t\t\t\t\t<i style=\"font-size:45px!important;color:#f7931e;\" class=\"ti-timer   inline-block mb16 ms-text icon-lg\"><\/i>\n\t\t\t\t\t\t\t<h5 style=\"color:#020202;font-size:16px!important;line-height:26px;text-transform: uppercase!important;text-shadow:none;font-family:Roboto;font-weight:900;font-style:normal;\" class=\"widgettitle mb8\"><a href= \"?page_id=4708#1610997234085-9b3a430e-620b\" target=\"_self\" >Kalkulation<\/a><\/h5>\n\t\t\t\t\t\t\t<div style=\"text-transform: none!important;\" class=\"widgetsubtitle mb16\"><\/div>\n\t\t\t\t\t\t\t<div style=\"color:#ffffff;\" class=\"icon-content\"><p>Vereinfachen Sie Ihren Workflow mit unserem integrierten Kalkulation &#8211; Modul f\u00fcr Material- UND Zeitbedarf. Angebotsvarianten auf Knopfdruck!<\/p>\n<\/div> \n\t\t\t\t\t\t<\/div><\/div><\/div><script type=\"text\/javascript\">jQuery(document).ready(function(){jQuery('head').append('<style type=\"text\/css\" id=\"tlg-custom-css-iconbox-69e63607ca8f0\">#iconbox-69e63607ca8f0 .icon-link:hover .widgettitle{color:#3a3a3a!important;}<\/style>');});<\/script><div class=\"tlg-spacer\" data-height=\"10\" data-height-tablet=\"10\" data-height-mobile=\"10\" style=\"clear:both;display:block;height:10px;\"><\/div>[\/vc_column][\/vc_row][vc_row css=&#8220;.vc_custom_1610902140990{background-color: #565656 !important;}&#8220;][vc_column width=&#8220;1\/3&#8243;]<div id=\"iconbox-69e63607ca94e\" class=\"\"><div class=\"icon-link\"><div class=\"relative mb0 text-center\">\n\t\t\t\t\t\t\t<i style=\"font-size:45px!important;color:#f7931e;\" class=\"ti-receipt   inline-block mb16 ms-text icon-lg\"><\/i>\n\t\t\t\t\t\t\t<h5 style=\"color:#020202;font-size:16px!important;line-height:26px;text-transform: uppercase!important;text-shadow:none;font-family:Roboto;font-weight:900;font-style:normal;\" class=\"widgettitle mb8\"><a href= \"?page_id=4708#1603031808390-7d0b5282-b169\" target=\"_self\" >St\u00fcckliste<\/a><\/h5>\n\t\t\t\t\t\t\t<div style=\"text-transform: none!important;\" class=\"widgetsubtitle mb16\"><\/div>\n\t\t\t\t\t\t\t<div style=\"color:#ffffff;\" class=\"icon-content\"><p>Sparen Sie Zeit in der Arbeitsvorbereitung durch unsere automatisierte St\u00fcckliste, Bedarfsermittlung f\u00fcr Platten, Kanten und Beschl\u00e4ge sowie Oberfl\u00e4chenmaterialien<\/p>\n<\/div> \n\t\t\t\t\t\t<\/div><\/div><\/div><script type=\"text\/javascript\">jQuery(document).ready(function(){jQuery('head').append('<style type=\"text\/css\" id=\"tlg-custom-css-iconbox-69e63607ca94e\">#iconbox-69e63607ca94e .icon-link:hover .widgettitle{color:#3a3a3a!important;}<\/style>');});<\/script>[\/vc_column][vc_column width=&#8220;1\/3&#8243;]<div id=\"iconbox-69e63607ca99a\" class=\"\"><div class=\"icon-link\"><div class=\"relative mb0 text-center\">\n\t\t\t\t\t\t\t<i style=\"font-size:45px!important;color:#f7931e;\" class=\"ti-vector   inline-block mb16 ms-text icon-lg\"><\/i>\n\t\t\t\t\t\t\t<h5 style=\"color:#020202;font-size:16px!important;line-height:26px;text-transform: uppercase!important;text-shadow:none;font-family:Roboto;font-weight:900;font-style:normal;\" class=\"widgettitle mb8\"><a href= \"?page_id=4708#1603031921721-f2150995-a708\" target=\"_self\" >CNC Anbindung<\/a><\/h5>\n\t\t\t\t\t\t\t<div style=\"text-transform: none!important;text-shadow:none;font-family:Roboto;font-weight:500;font-style:normal;\" class=\"widgetsubtitle mb16\"><\/div>\n\t\t\t\t\t\t\t<div style=\"color:#ffffff;\" class=\"icon-content\"><p>Generieren Sie s\u00e4mtliche Fr\u00e4sungen und Bohrungen f\u00fcr Verbindungen und Beschl\u00e4ge direkt aus der St\u00fcckliste zu diversen Bearbeitungszentren oder D\u00fcbelautomaten<\/p>\n<\/div> \n\t\t\t\t\t\t<\/div><\/div><\/div><script type=\"text\/javascript\">jQuery(document).ready(function(){jQuery('head').append('<style type=\"text\/css\" id=\"tlg-custom-css-iconbox-69e63607ca99a\">#iconbox-69e63607ca99a .icon-link:hover .widgettitle{color:#3a3a3a!important;}<\/style>');});<\/script>[\/vc_column][vc_column width=&#8220;1\/3&#8243;]<div id=\"iconbox-69e63607ca9ec\" class=\"\"><div class=\"icon-link\"><div class=\"relative mb0 text-center\">\n\t\t\t\t\t\t\t<i style=\"font-size:45px!important;color:#f7931e;\" class=\"ti-desktop   inline-block mb16 ms-text icon-lg\"><\/i>\n\t\t\t\t\t\t\t<h5 style=\"color:#020202;font-size:16px!important;line-height:26px;text-transform: uppercase!important;text-shadow:none;font-family:Roboto;font-weight:900;font-style:normal;\" class=\"widgettitle mb8\"><a href= \"?page_id=4708#1603031695712-86abb757-d1e6\" target=\"_self\" >Zuschnittplan<\/a><\/h5>\n\t\t\t\t\t\t\t<div style=\"color:#f7931e;text-transform: none!important;text-shadow:none;font-family:Roboto;font-weight:500;font-style:normal;\" class=\"widgetsubtitle mb16\"><\/div>\n\t\t\t\t\t\t\t<div style=\"color:#ffffff;\" class=\"icon-content\"><p>Nutzten Sie die Vorteile in Material- und Zeitersparnis mit unserem Zuschnittplan. Export der St\u00fcckliste zu diversen Plattenaufteils\u00e4gen oder Zuschnitt-Dienstleistern<\/p>\n<\/div> \n\t\t\t\t\t\t<\/div><\/div><\/div><script type=\"text\/javascript\">jQuery(document).ready(function(){jQuery('head').append('<style type=\"text\/css\" id=\"tlg-custom-css-iconbox-69e63607ca9ec\">#iconbox-69e63607ca9ec .icon-link:hover .widgettitle{color:#3a3a3a!important;}<\/style>');});<\/script>[\/vc_column][\/vc_row][vc_row css=&#8220;.vc_custom_1627056761127{background-color: #565656 !important;}&#8220;][vc_column width=&#8220;1\/2&#8243;][\/vc_column][vc_column width=&#8220;1\/2&#8243;][\/vc_column][\/vc_row][vc_row css=&#8220;.vc_custom_1610996724741{background-color: #565656 !important;}&#8220;][vc_column]<div role=\"form\" class=\"wpcf7\" id=\"wpcf7-f20-o1\" lang=\"en-US\" dir=\"ltr\">\n<div class=\"screen-reader-response\"><p role=\"status\" aria-live=\"polite\" aria-atomic=\"true\"><\/p> <ul><\/ul><\/div>\n<form action=\"\/index.php?rest_route=%2Fwp%2Fv2%2Fpages%2F2021#wpcf7-f20-o1\" method=\"post\" class=\"wpcf7-form init\" novalidate=\"novalidate\" data-status=\"init\">\n<div style=\"display: none;\">\n<input type=\"hidden\" name=\"_wpcf7\" value=\"20\" \/>\n<input type=\"hidden\" name=\"_wpcf7_version\" value=\"5.4.1\" \/>\n<input type=\"hidden\" name=\"_wpcf7_locale\" value=\"en_US\" \/>\n<input type=\"hidden\" name=\"_wpcf7_unit_tag\" value=\"wpcf7-f20-o1\" \/>\n<input type=\"hidden\" name=\"_wpcf7_container_post\" value=\"0\" \/>\n<input type=\"hidden\" name=\"_wpcf7_posted_data_hash\" value=\"\" \/>\n<\/div>\n<p><label> Your Name (required)<br \/>\n    <span class=\"wpcf7-form-control-wrap your-name\"><input type=\"text\" name=\"your-name\" value=\"\" size=\"40\" class=\"wpcf7-form-control wpcf7-text wpcf7-validates-as-required\" aria-required=\"true\" aria-invalid=\"false\" \/><\/span> <\/label><\/p>\n<p><label> Your Email (required)<br \/>\n    <span class=\"wpcf7-form-control-wrap your-email\"><input type=\"email\" name=\"your-email\" value=\"\" size=\"40\" class=\"wpcf7-form-control wpcf7-text wpcf7-email wpcf7-validates-as-required wpcf7-validates-as-email\" aria-required=\"true\" aria-invalid=\"false\" \/><\/span> <\/label><\/p>\n<p><label> Subject<br \/>\n    <span class=\"wpcf7-form-control-wrap your-subject\"><input type=\"text\" name=\"your-subject\" value=\"\" size=\"40\" class=\"wpcf7-form-control wpcf7-text\" aria-invalid=\"false\" \/><\/span> <\/label><\/p>\n<p><label> Your Message<br \/>\n    <span class=\"wpcf7-form-control-wrap your-message\"><textarea name=\"your-message\" cols=\"40\" rows=\"10\" class=\"wpcf7-form-control wpcf7-textarea\" aria-invalid=\"false\"><\/textarea><\/span> <\/label><\/p>\n<p><input type=\"submit\" value=\"Send\" class=\"wpcf7-form-control wpcf7-submit\" \/><\/p>\n<div class=\"wpcf7-response-output\" aria-hidden=\"true\"><\/div><\/form><\/div>[vc_column_text]<\/p>\n<p style=\"text-align: center;\"><a href=\"http:\/\/roncobox.com\/?page_id=4914\">Impressum &amp; Datenschutz<\/a><\/p>\n<p>[\/vc_column_text][\/vc_column][\/vc_row]<\/p>\n","protected":false},"excerpt":{"rendered":"<p>[vc_row full_width=&#8220;stretch_row&#8220; tlg_background_style=&#8220;bg-secondary&#8220; tlg_padding=&#8220;pt0 pb0&#8243; css=&#8220;.vc_custom_1610897749627{background-color: #565656 !important;}&#8220;][vc_column][\/vc_column][\/vc_row][vc_row css=&#8220;.vc_custom_1610898800500{background-color: #565656 !important;}&#8220;][vc_column width=&#8220;1\/3&#8243;][\/vc_column][vc_column width=&#8220;1\/3&#8243;][\/vc_column][vc_column width=&#8220;1\/3&#8243;][\/vc_column][\/vc_row][vc_row css=&#8220;.vc_custom_1610902140990{background-color: #565656&#8230;<\/p>\n","protected":false},"author":2,"featured_media":0,"parent":0,"menu_order":0,"comment_status":"closed","ping_status":"closed","template":"","meta":[],"_links":{"self":[{"href":"https:\/\/www.roncobox.com\/index.php?rest_route=\/wp\/v2\/pages\/2021"}],"collection":[{"href":"https:\/\/www.roncobox.com\/index.php?rest_route=\/wp\/v2\/pages"}],"about":[{"href":"https:\/\/www.roncobox.com\/index.php?rest_route=\/wp\/v2\/types\/page"}],"author":[{"embeddable":true,"href":"https:\/\/www.roncobox.com\/index.php?rest_route=\/wp\/v2\/users\/2"}],"replies":[{"embeddable":true,"href":"https:\/\/www.roncobox.com\/index.php?rest_route=%2Fwp%2Fv2%2Fcomments&post=2021"}],"version-history":[{"count":166,"href":"https:\/\/www.roncobox.com\/index.php?rest_route=\/wp\/v2\/pages\/2021\/revisions"}],"predecessor-version":[{"id":5386,"href":"https:\/\/www.roncobox.com\/index.php?rest_route=\/wp\/v2\/pages\/2021\/revisions\/5386"}],"wp:attachment":[{"href":"https:\/\/www.roncobox.com\/index.php?rest_route=%2Fwp%2Fv2%2Fmedia&parent=2021"}],"curies":[{"name":"wp","href":"https:\/\/api.w.org\/{rel}","templated":true}]}}